{"id":558,"date":"2012-12-18T18:02:29","date_gmt":"2012-12-18T16:02:29","guid":{"rendered":"http:\/\/raphaelpolte.de\/?page_id=558"},"modified":"2013-11-08T19:41:38","modified_gmt":"2013-11-08T17:41:38","slug":"schatztruhe","status":"publish","type":"page","link":"https:\/\/raphaelpolte.com\/?page_id=558","title":{"rendered":"Schatztruhe"},"content":{"rendered":"<p style=\"text-align: justify;\">In einer Woche sollte eine virtuelle Szene mit dem Thema &#8222;Schatztruhe&#8220; entstehen. Ein pers\u00f6nlicher Bezug war erw\u00fcnscht.<br \/>\nF\u00fcr eines der komplexeren Objekte entschied ich mich f\u00fcr meine Gitarre, die ich leider bis heute nicht spielen gelernt habe. Sie war f\u00fcr mich das erste, allein erstellte 3D-Objekt.<\/p>\n<p><a href=\"http:\/\/raphaelpolte.de\/wp-content\/uploads\/2013\/11\/photoshop_cs5_mnemonic_no_shadow_png.png\"><img loading=\"lazy\" decoding=\"async\" class=\"alignnone size-full wp-image-1049\" alt=\"photoshop_cs5_mnemonic_no_shadow_png\" src=\"http:\/\/raphaelpolte.de\/wp-content\/uploads\/2013\/11\/photoshop_cs5_mnemonic_no_shadow_png.png\" width=\"30\" height=\"30\" \/><\/a>\u00a0 <a href=\"http:\/\/raphaelpolte.de\/wp-content\/uploads\/2013\/11\/3d_studio_max_icon_token_style_by_skipgamer-d30axw6.png\"><img loading=\"lazy\" decoding=\"async\" class=\"alignnone size-full wp-image-1054\" alt=\"3d_studio_max_icon_token_style_by_skipgamer-d30axw6\" src=\"http:\/\/raphaelpolte.de\/wp-content\/uploads\/2013\/11\/3d_studio_max_icon_token_style_by_skipgamer-d30axw6.png\" width=\"30\" height=\"30\" \/><\/a><\/p>\n<p><span style=\"color: #999999;\"><em>Burg Giebichenstein Kunsthochschule Halle, SS 2010, 2. Semester<br \/>\nProjektbetreuung: Daniel Ackermann<br \/>\n<\/em><\/span><\/p>\n","protected":false},"excerpt":{"rendered":"<p>In einer Woche sollte eine virtuelle Szene mit dem Thema &#8222;Schatztruhe&#8220; entstehen. Ein pers\u00f6nlicher Bezug war erw\u00fcnscht. F\u00fcr eines der komplexeren Objekte entschied ich mich f\u00fcr meine Gitarre, die ich leider bis heute nicht spielen gelernt habe. Sie war f\u00fcr mich das erste, allein erstellte 3D-Objekt. \u00a0 Burg Giebichenstein Kunsthochschule Halle, SS 2010, 2. Semester [&hellip;]<\/p>\n","protected":false},"author":1,"featured_media":0,"parent":9,"menu_order":0,"comment_status":"open","ping_status":"open","template":"","meta":{"footnotes":""},"class_list":["post-558","page","type-page","status-publish","hentry"],"_links":{"self":[{"href":"https:\/\/raphaelpolte.com\/index.php?rest_route=\/wp\/v2\/pages\/558"}],"collection":[{"href":"https:\/\/raphaelpolte.com\/index.php?rest_route=\/wp\/v2\/pages"}],"about":[{"href":"https:\/\/raphaelpolte.com\/index.php?rest_route=\/wp\/v2\/types\/page"}],"author":[{"embeddable":true,"href":"https:\/\/raphaelpolte.com\/index.php?rest_route=\/wp\/v2\/users\/1"}],"replies":[{"embeddable":true,"href":"https:\/\/raphaelpolte.com\/index.php?rest_route=%2Fwp%2Fv2%2Fcomments&post=558"}],"version-history":[{"count":25,"href":"https:\/\/raphaelpolte.com\/index.php?rest_route=\/wp\/v2\/pages\/558\/revisions"}],"predecessor-version":[{"id":1110,"href":"https:\/\/raphaelpolte.com\/index.php?rest_route=\/wp\/v2\/pages\/558\/revisions\/1110"}],"up":[{"embeddable":true,"href":"https:\/\/raphaelpolte.com\/index.php?rest_route=\/wp\/v2\/pages\/9"}],"wp:attachment":[{"href":"https:\/\/raphaelpolte.com\/index.php?rest_route=%2Fwp%2Fv2%2Fmedia&parent=558"}],"curies":[{"name":"wp","href":"https:\/\/api.w.org\/{rel}","templated":true}]}}